{"id":4828,"date":"2016-03-03T10:05:59","date_gmt":"2016-03-03T10:05:59","guid":{"rendered":"https:\/\/www.jobup.ch\/?page_id=4828"},"modified":"2026-02-03T13:37:13","modified_gmt":"2026-02-03T11:37:13","slug":"articles","status":"publish","type":"page","link":"https:\/\/www.jobup.ch\/fr\/job-coach\/articles\/","title":{"rendered":"Articles"},"content":{"rendered":"","protected":false},"excerpt":{"rendered":"","protected":false},"author":2,"featured_media":0,"parent":0,"menu_order":0,"comment_status":"closed","ping_status":"closed","template":"page-templates\/blog.php","meta":{"_acf_changed":false,"footnotes":""},"class_list":["post-4828","page","type-page","status-publish","hentry"],"acf":[],"yoast_head":"<!-- This site is optimized with the Yoast SEO plugin v27.2 - https:\/\/yoast.com\/product\/yoast-seo-wordpress\/ -->\n<title>Bienvenue sur le Job Coach, le guide consacr\u00e9 \u00e0 la recherche d\u2019emploi en Suisse<\/title>\n<meta name=\"description\" content=\"Le Job Coach d\u00e9livre des conseils pour la recherche d\u2019emploi et le processus de recrutement et aborde \u00e9galement tous les th\u00e8mes li\u00e9s \u00e0 la vie professionnelle.\" \/>\n<meta name=\"robots\" content=\"index, follow, max-snippet:-1, max-image-preview:large, max-video-preview:-1\" \/>\n<link rel=\"canonical\" href=\"https:\/\/www.jobup.ch\/fr\/job-coach\/articles\/\" \/>\n<meta property=\"og:locale\" content=\"fr_FR\" \/>\n<meta property=\"og:type\" content=\"article\" \/>\n<meta property=\"og:title\" content=\"Bienvenue sur le Job Coach, le guide consacr\u00e9 \u00e0 la recherche d\u2019emploi en Suisse\" \/>\n<meta property=\"og:description\" content=\"Le Job Coach d\u00e9livre des conseils pour la recherche d\u2019emploi et le processus de recrutement et aborde \u00e9galement tous les th\u00e8mes li\u00e9s \u00e0 la vie professionnelle.\" \/>\n<meta property=\"og:url\" content=\"https:\/\/www.jobup.ch\/fr\/job-coach\/articles\/\" \/>\n<meta property=\"og:site_name\" content=\"Bienvenue sur le Job Coach, le guide consacr\u00e9 \u00e0 la recherche d\u2019emploi en Suisse\" \/>\n<meta property=\"article:modified_time\" content=\"2026-02-03T11:37:13+00:00\" \/>\n<meta name=\"twitter:card\" content=\"summary_large_image\" \/>\n<script type=\"application\/ld+json\" class=\"yoast-schema-graph\">{\"@context\":\"https:\/\/schema.org\",\"@graph\":[{\"@type\":\"WebPage\",\"@id\":\"https:\/\/www.jobup.ch\/fr\/job-coach\/articles\/\",\"url\":\"https:\/\/www.jobup.ch\/fr\/job-coach\/articles\/\",\"name\":\"Bienvenue sur le Job Coach, le guide consacr\u00e9 \u00e0 la recherche d\u2019emploi en Suisse\",\"isPartOf\":{\"@id\":\"https:\/\/www.jobup.ch\/fr\/job-coach\/#website\"},\"datePublished\":\"2016-03-03T10:05:59+00:00\",\"dateModified\":\"2026-02-03T11:37:13+00:00\",\"description\":\"Le Job Coach d\u00e9livre des conseils pour la recherche d\u2019emploi et le processus de recrutement et aborde \u00e9galement tous les th\u00e8mes li\u00e9s \u00e0 la vie professionnelle.\",\"breadcrumb\":{\"@id\":\"https:\/\/www.jobup.ch\/fr\/job-coach\/articles\/#breadcrumb\"},\"inLanguage\":\"fr-FR\",\"potentialAction\":[{\"@type\":\"ReadAction\",\"target\":[\"https:\/\/www.jobup.ch\/fr\/job-coach\/articles\/\"]}]},{\"@type\":\"BreadcrumbList\",\"@id\":\"https:\/\/www.jobup.ch\/fr\/job-coach\/articles\/#breadcrumb\",\"itemListElement\":[{\"@type\":\"ListItem\",\"position\":1,\"name\":\"Accueil\",\"item\":\"https:\/\/www.jobup.ch\/fr\/job-coach\/\"},{\"@type\":\"ListItem\",\"position\":2,\"name\":\"Articles\"}]},{\"@type\":\"WebSite\",\"@id\":\"https:\/\/www.jobup.ch\/fr\/job-coach\/#website\",\"url\":\"https:\/\/www.jobup.ch\/fr\/job-coach\/\",\"name\":\"Bienvenue sur le Job Coach, le guide consacr\u00e9 \u00e0 la recherche d\u2019emploi en Suisse\",\"description\":\"jobup.ch Blog\",\"potentialAction\":[{\"@type\":\"SearchAction\",\"target\":{\"@type\":\"EntryPoint\",\"urlTemplate\":\"https:\/\/www.jobup.ch\/fr\/job-coach\/?s={search_term_string}\"},\"query-input\":{\"@type\":\"PropertyValueSpecification\",\"valueRequired\":true,\"valueName\":\"search_term_string\"}}],\"inLanguage\":\"fr-FR\"}]}<\/script>\n<!-- \/ Yoast SEO plugin. -->","yoast_head_json":{"title":"Bienvenue sur le Job Coach, le guide consacr\u00e9 \u00e0 la recherche d\u2019emploi en Suisse","description":"Le Job Coach d\u00e9livre des conseils pour la recherche d\u2019emploi et le processus de recrutement et aborde \u00e9galement tous les th\u00e8mes li\u00e9s \u00e0 la vie professionnelle.","robots":{"index":"index","follow":"follow","max-snippet":"max-snippet:-1","max-image-preview":"max-image-preview:large","max-video-preview":"max-video-preview:-1"},"canonical":"https:\/\/www.jobup.ch\/fr\/job-coach\/articles\/","og_locale":"fr_FR","og_type":"article","og_title":"Bienvenue sur le Job Coach, le guide consacr\u00e9 \u00e0 la recherche d\u2019emploi en Suisse","og_description":"Le Job Coach d\u00e9livre des conseils pour la recherche d\u2019emploi et le processus de recrutement et aborde \u00e9galement tous les th\u00e8mes li\u00e9s \u00e0 la vie professionnelle.","og_url":"https:\/\/www.jobup.ch\/fr\/job-coach\/articles\/","og_site_name":"Bienvenue sur le Job Coach, le guide consacr\u00e9 \u00e0 la recherche d\u2019emploi en Suisse","article_modified_time":"2026-02-03T11:37:13+00:00","twitter_card":"summary_large_image","schema":{"@context":"https:\/\/schema.org","@graph":[{"@type":"WebPage","@id":"https:\/\/www.jobup.ch\/fr\/job-coach\/articles\/","url":"https:\/\/www.jobup.ch\/fr\/job-coach\/articles\/","name":"Bienvenue sur le Job Coach, le guide consacr\u00e9 \u00e0 la recherche d\u2019emploi en Suisse","isPartOf":{"@id":"https:\/\/www.jobup.ch\/fr\/job-coach\/#website"},"datePublished":"2016-03-03T10:05:59+00:00","dateModified":"2026-02-03T11:37:13+00:00","description":"Le Job Coach d\u00e9livre des conseils pour la recherche d\u2019emploi et le processus de recrutement et aborde \u00e9galement tous les th\u00e8mes li\u00e9s \u00e0 la vie professionnelle.","breadcrumb":{"@id":"https:\/\/www.jobup.ch\/fr\/job-coach\/articles\/#breadcrumb"},"inLanguage":"fr-FR","potentialAction":[{"@type":"ReadAction","target":["https:\/\/www.jobup.ch\/fr\/job-coach\/articles\/"]}]},{"@type":"BreadcrumbList","@id":"https:\/\/www.jobup.ch\/fr\/job-coach\/articles\/#breadcrumb","itemListElement":[{"@type":"ListItem","position":1,"name":"Accueil","item":"https:\/\/www.jobup.ch\/fr\/job-coach\/"},{"@type":"ListItem","position":2,"name":"Articles"}]},{"@type":"WebSite","@id":"https:\/\/www.jobup.ch\/fr\/job-coach\/#website","url":"https:\/\/www.jobup.ch\/fr\/job-coach\/","name":"Bienvenue sur le Job Coach, le guide consacr\u00e9 \u00e0 la recherche d\u2019emploi en Suisse","description":"jobup.ch Blog","potentialAction":[{"@type":"SearchAction","target":{"@type":"EntryPoint","urlTemplate":"https:\/\/www.jobup.ch\/fr\/job-coach\/?s={search_term_string}"},"query-input":{"@type":"PropertyValueSpecification","valueRequired":true,"valueName":"search_term_string"}}],"inLanguage":"fr-FR"}]}},"_links":{"self":[{"href":"https:\/\/www.jobup.ch\/fr\/job-coach\/wp-json\/wp\/v2\/pages\/4828","targetHints":{"allow":["GET"]}}],"collection":[{"href":"https:\/\/www.jobup.ch\/fr\/job-coach\/wp-json\/wp\/v2\/pages"}],"about":[{"href":"https:\/\/www.jobup.ch\/fr\/job-coach\/wp-json\/wp\/v2\/types\/page"}],"author":[{"embeddable":true,"href":"https:\/\/www.jobup.ch\/fr\/job-coach\/wp-json\/wp\/v2\/users\/2"}],"replies":[{"embeddable":true,"href":"https:\/\/www.jobup.ch\/fr\/job-coach\/wp-json\/wp\/v2\/comments?post=4828"}],"version-history":[{"count":2,"href":"https:\/\/www.jobup.ch\/fr\/job-coach\/wp-json\/wp\/v2\/pages\/4828\/revisions"}],"predecessor-version":[{"id":13452,"href":"https:\/\/www.jobup.ch\/fr\/job-coach\/wp-json\/wp\/v2\/pages\/4828\/revisions\/13452"}],"wp:attachment":[{"href":"https:\/\/www.jobup.ch\/fr\/job-coach\/wp-json\/wp\/v2\/media?parent=4828"}],"curies":[{"name":"wp","href":"https:\/\/api.w.org\/{rel}","templated":true}]}}